{"id":2,"date":"2014-05-22T10:40:12","date_gmt":"2014-05-22T10:40:12","guid":{"rendered":"http:\/\/ellaguruart.com\/?page_id=2"},"modified":"2026-01-16T13:46:17","modified_gmt":"2026-01-16T13:46:17","slug":"sample-page","status":"publish","type":"page","link":"https:\/\/ellaguruart.com\/?page_id=2","title":{"rendered":"CV"},"content":{"rendered":"<p><strong>Ella Guru CV\u00a0<\/strong><\/p>\n<ul>\n<li>For teaching experience see also St Mungo&#8217;s Artist in Residence (link currently unavailable)\u00a0and the <a href=\"https:\/\/ellaguruart.com\/?p=1299\">Drawing and Dancing Society<\/a>.<\/li>\n<\/ul>\n<p><strong>Exhibitions: solo<\/strong><\/p>\n<ul>\n<li><em>September 2025<\/em>: &#8216;Botticelli, the Stuckists and the Sea&#8217;, Maslow HC, Hastings UK<\/li>\n<li><em>April &#8211; June 2024<\/em>: &#8216;Jack in the Green revisited&#8217;, SEED, Hastings UK<\/li>\n<li><em>April &#8211; June 2023<\/em>: &#8216;Jack in the Green&#8217;, SEED, Hastings Old Town, East Sussex<\/li>\n<li><em>March 2020:<\/em> &#8220;The Czech Collection 2019&#8221;, Oscars on the Square, St Leonards on Sea, East Sussex<\/li>\n<li><em>May-June 2019<\/em>: &#8220;Welcoming the Summer&#8221;, SEED, Hastings Old Town, East Sussex<\/li>\n<li><em>September-October\u00a02017<\/em>: &#8220;Ella Guru Paintings&#8221;, SEED, Hastings Old Town, East Sussex<\/li>\n<li><em>June 2015<\/em>: &#8220;A Year on the Edge&#8221;, Whistle Trago, Hastings\u00a0Old Town, East Sussex<\/li>\n<li><em>December 2014<\/em>: &#8220;The Ella Guru Tarot&#8221;, Susan Diamond, St Leonards-on-Sea, East Sussex<\/li>\n<li><em>September 2011<\/em>: \u201cA Feast for Wicked Eyes\u201d, Resistance Gallery, London E8<\/li>\n<li><em>May-June 2009<\/em>: \u201cGods, Demons and Parties\u201d, Intoxica, London W10<\/li>\n<li><em>August 2005<\/em>: \u201cBirds of a Feather\u201d, Flaxon Ptootch, London NW1<\/li>\n<li><em>February 2003<\/em>:\u00a0 &#8220;Guru&#8217;s Geese and other waterfowl: paintings and prints&#8221;, Ryan&#8217;s, London N16<\/li>\n<li><em>December-January 2001<\/em>: &#8220;Absinthe Makes the Heart Grow Fonder&#8221;, First Out, London WC2<\/li>\n<li><em>September-November 2001<\/em>: &#8220;The Beehive Years&#8221;, Manto&#8217;s, Old Compton Street, London W1<\/li>\n<li><em>July-August 1999<\/em>: \u201cThe Long Island Iced Tea Party\u201d, Getto, Amsterdam, The Netherlands<\/li>\n<li><em>May 1999<\/em>: \u201cNew Work\u201d, The Fringe, 76 Oliver Street, Newark, NJ, USA<\/li>\n<li><em>October 1989<\/em>: &#8220;Leave your Clothes Behind&#8221;, Waldos on High, Columbus, Ohio USA<\/li>\n<\/ul>\n<p><strong>Exhibitions: group (curated or organised)<\/strong><\/p>\n<ul>\n<li><em>\u00a0<\/em><em>October 2012: <\/em>Stuckist Tarot Project, w Elsa Dax, Islington Arts Factory, London NW1<\/li>\n<li><em>\u00a0<\/em><em>March 2009<\/em>: Five Female Stuckists, joint curated, Islington Arts Factory London N7<\/li>\n<li><em>March 2004<\/em>: Stuckism International stall at the Affordable Art Fair, Battersea, London<\/li>\n<li><em>April 2003<\/em>: Art against Iraq war, Stuckism International Gallery, London EC2<\/li>\n<\/ul>\n<p><strong>Exhibitions: group (participated)<\/strong><\/p>\n<ul>\n<li><em>Sept 2025- January 2026<\/em>: &#8220;The Kaleidoscopic Dream Swan Song&#8221;, St Pancras Hospital Conference Centre, London UK<\/li>\n<li><em>September 2025<\/em>: &#8220;Bright Old Things&#8221;, Helen of Troy, London UK<\/li>\n<li><em>May 2025:<\/em> &#8220;A Curious Town Plays&#8221;, Hastings UK<\/li>\n<li><em>August 2024:<\/em> &#8220;BAAM Bottle Alley Art Market&#8221;, Hastings sea front<\/li>\n<li><em>April-May 2024:<\/em> &#8220;Lost and Found&#8221;, Atom Gallery, 127 Green Lanes London N16 9DA<\/li>\n<li><em>July-October 2023:<\/em> &#8220;Stuckism in Ostrove&#8221;, Ostrov Summer Palace, Z\u00e1meck\u00fd park 226, Ostrov, Czechia<\/li>\n<li><em>June-September 2023:<\/em> &#8220;Emerald 20&#8221;, St Pancras Hospital Conference Centre, London, UK<\/li>\n<li><em>June 2023<\/em>: &#8220;A Curious Town Dreams&#8221;, Observer Building, Hastings, UK<\/li>\n<li><em>August- Oct 2022<\/em>: &#8220;Stuck in Venice&#8221;, CREA Cantieri del Contemporaneo, Venice, Italy<\/li>\n<li><em>January 2022<\/em>: &#8220;Together we draw&#8221;, Hastings Museum and Art Gallery, UK<\/li>\n<li><em>June\u00a02021<\/em>: &#8220;Underground Hastings Art Show&#8221;, The Stade Hall, Hastings, UK<\/li>\n<li><em>February 2020<\/em>: &#8220;The Beautiful and the Damned&#8221;, BSMT Space, London E8<\/li>\n<li><em>November 2019<\/em>: &#8220;Modern Panic X&#8221;, The Truman Brewery, London<\/li>\n<li><em>November 2018- January 2019<\/em>: &#8220;Colour Me Ecstatic&#8221;, St Pancras Conference Centre, London<\/li>\n<li><em>November 2018<\/em>: &#8220;Modern Panic IX&#8221;, The Rose Lipman Building, London<\/li>\n<li><em>February-May 2018<\/em>: &#8220;Contemporary British Art&#8221;, \u010cern\u00e1 labu\u0165, Prague, Czech Republic<\/li>\n<li><em>October 2017:<\/em>\u00a0&#8220;Stuckism in Watkins Glen New York&#8221;, Quintus Gallery, NY, USA<\/li>\n<li><em>November\u00a02016:<\/em>\u00a0&#8220;The Stuckist\u00a0Astrology Show&#8221;,\u00a0St Paul&#8217;s, Camden Square, London<\/li>\n<li><em>July-August 2016<\/em>: &#8220;The Stuckist Art Show&#8221;, View Two Gallery, Liverpool<\/li>\n<li><em>October 2015<\/em>: &#8220;Stuckism: Remodernising the mainstream&#8221;, University of Kent, Canterbury<\/li>\n<li><em>August 2015<\/em>: &#8220;Come To The Sabbat, Festival Of Dark Arts&#8221;, Apiary Studios, London<\/li>\n<li><em>July 2015:<\/em> &#8220;The Other Summer Exhibition&#8221;, Lollipop Gallery, London<\/li>\n<li><em>July 2015<\/em>: &#8220;Hand of Artists&#8221;, Nucleus Gallery, Chatham, Kent<\/li>\n<li><em>April 2015:<\/em> &#8220;Sacred and Profane&#8221;, 100 Years Gallery, Hoxton, London<\/li>\n<li><em>January 2015:<\/em> &#8220;Bright Old Things&#8221;, Selfridges, Oxford Street, London<\/li>\n<li><em>September 2014:<\/em> &#8220;Walk on the Wild Side&#8221;, Susan Diamond,\u00a0St Leonards-on-Sea, East Sussex<\/li>\n<li><em>September 2014:<\/em> &#8220;Femme Fatale&#8221;, Trispace Gallery, London SE16<\/li>\n<li><em>August 2014:<\/em> &#8220;Stuck in a Jewel&#8221;, Nucleus Gallery, Chatham, UK<\/li>\n<li><em>February 2014: \u201cLoudest Whispers\u201d, <\/em>St Pancras Conference Centre, London NW1<\/li>\n<li><em>\u00a0<\/em><em>January 2014: <\/em>\u201cInventors and Explorers\u201d, Trunk Space, Phoenix AZ USA<\/li>\n<li><em>November 2013:<\/em> \u201cInternational Stuckists: Painters out of Order\u201d, Day Gallery, Tehran, IRAN<\/li>\n<li><em>November 2013:<\/em> \u201cTEN\u201d, St Pancras Conference Centre, London NW1<\/li>\n<li><em>\u00a0<\/em><em>December 2012: <\/em>\u201cBlack Christmas\u201d, Signal Gallery, London EC2<\/li>\n<li><em>October 2012:<\/em> \u201cDare to Wear\u201d, Crypt Gallery, London NW1<\/li>\n<li><em>September 2012: <\/em>\u201cElizabethan Avant Garde\u201d, Bermondsey Project SE1<\/li>\n<li><em>June 2012:<\/em> \u201cRemodernist Artists against Rubbish\u201d, Shiraz, Marbella, SPAIN<\/li>\n<li><em>December 2011:<\/em> \u201cFancy Folk: Art and Mummery\u201d, Philadelphia Town Hall, USA<\/li>\n<li><em>\u00a0<\/em><em>November 2011: <\/em>\u201cMexico Siniestro\u201d, Resistance Gallery, London E2<\/li>\n<li><em>\u00a0<\/em><em>June-July 2011<\/em>: \u201cFemale Iconography\u201d, Chicchi\u2019s, Bow, London E3<\/li>\n<li><em>April-May 2011<\/em>: \u201cThe Enemies of Art\u201d, Lauderdale House, Highgate, London N6<\/li>\n<li><em>April 2011<\/em>:\u00a0 \u201cParis Stuckist show\u201d, Mus\u00e9e d&#8217;Adzak, Paris, FRANCE<\/li>\n<li><em>Oct 2010-Jan 2011<\/em>: \u201cMaking it\/Faking it\u201d, Orleans House Gallery, Twickenham TW1<\/li>\n<li><em>October 2010:<\/em> \u201cFlashier and Trashier\u201d, St Pancras Crypt London\u00a0 NW1<\/li>\n<li><em>March \u2013 April 2010: \u201c<\/em>Funism with a side order of Stuckism\u201d, Willesden Green Library NW10<\/li>\n<li><em>March 2010<\/em>: \u201cThe Enemies of Art\u201d, Jesus Lane Gallery, Cambridge, England<\/li>\n<li><em>\u00a0<\/em><em>April 2009<\/em>: &#8220;Stuck on Painting&#8221;, W11 Gallery, London W11<\/li>\n<li><em>November 2008<\/em>: \u201cAn antidote to that ghastly Turner Prize\u201d, View Two Gallery, Liverpool Biennial<\/li>\n<li><em>May 2008<\/em>: \u201cMusic as Therapy\u201d secret postcard sale, Gillions Art, London SW11<\/li>\n<li><em>March-April 2008<\/em>: (You Are Here), RAP Gallery, Leiden, THE NETHERLANDS<\/li>\n<li><em>November 2007- January 2008<\/em>: \u201cUrban Nature\u201d, Spectrum, London W1<\/li>\n<li><em>April 2007<\/em>: \u201cOn Form\u201d, A Gallery, Wimbledon SW19<\/li>\n<li><em>October 2006<\/em>: \u201cGo West\u201d, Spectrum, London W1<\/li>\n<li><em>October 2006<\/em>: \u201cThe Triumph of Stuckism\u201d, John Moores University, Liverpool Biennal<\/li>\n<li><em>August 2005<\/em>: Remodernist groups at CBGB 313 GALLERY, 313 Bowery NYC, USA<\/li>\n<li><em>May 2005<\/em>:\u00a0 \u201cParis Stuckist show\u201d, Mus\u00e9e d&#8217;Adzak, Paris, FRANCE<\/li>\n<li><em>September 2004-February 2005<\/em>: \u201cThe Stuckists Punk Victorian\u201d, the Walker Gallery, Liverpool<\/li>\n<li><em>June 2003<\/em>:\u00a0 Lewenhagen Gallery, Hanover, GERMANY<\/li>\n<li><em>October 2002<\/em>: &#8220;Stuck down South&#8221;, FAD Gallery, Chinatown, Melbourne, AUSTRALIA<\/li>\n<li><em>August 2002<\/em>: \u201cStuck Up North\u201d, Newcastle Arts Centre, Newcastle, UK<\/li>\n<li><em>May 2001<\/em>: \u201cM.A.D.E @ Morley\u201d, Morley\u00a0 College, Lambeth North, London<\/li>\n<li><em>March 2001<\/em>: The First Remodernist Art Group, Artbank Gallery, Clerkenwell Road, London\u00a0 EC1<\/li>\n<li><em>October-November 2000<\/em>:\u00a0 &#8220;The Real Turner Prize show 2000&#8221;, London &amp; Cornwall<\/li>\n<li><em>May\u2013 October 2000<\/em>: &#8220;STUCK in Germany,&#8221; Cologne, Freiburg, Leipzig, Hamburg GERMANY<\/li>\n<li><em>April 2000<\/em>: &#8220;New paintings by the Stuckists,&#8221; The Arts Club, 40 Dover Street, London W2<\/li>\n<li><em>March 2000<\/em>: &#8220;The Resignation of Sir Nicholas Serota.&#8221;\u00a0 Gallery 108, London EC2<\/li>\n<li><em>September 1999<\/em>: &#8220;Stuck! Stuck! Stuck!&#8221; First Stuckist exhibition, Gallery 108, London EC2<\/li>\n<li><em>October 1998<\/em>: &#8220;Wild Weekend&#8221; at the Museum of Pop Culture, Central London<\/li>\n<\/ul>\n<p><strong>Books<\/strong><\/p>\n<ul>\n<li>Edward Lucie-Smith, <em>The Enemies of Art<\/em> (2011), Victoria Press, ISBN 978-0-907165-31-6<\/li>\n<li><em>An Antidote to the Ghastly Turner Prize<\/em> (2010), Victoria Press, ISBN-10: 0 90716530 3<\/li>\n<li>Robert Janas (2009) <em>Stuckism International<\/em>. Victoria Press, ISBN 0 907165 28 1<\/li>\n<li>Max Stout, <em>Max and the Siamese Twins<\/em> (2009), <a href=\"http:\/\/www.GlubDub.com\">www.GlubDub.com<\/a><\/li>\n<li>Ed. Frank Milner (2004), <em>Punk Victorian<\/em>, National Museums Liverpool, <a href=\"http:\/\/en.wikipedia.org\/w\/index.php?title=Special:Booksources&amp;isbn=1902700279\">ISBN 1-902700-27-9<\/a><\/li>\n<li>Ed. Katherine Evans (2000), <em>The Stuckists<\/em>, Victoria Press, <a href=\"http:\/\/en.wikipedia.org\/w\/index.php?title=Special:Booksources&amp;isbn=0907165273\">ISBN 0-907165-27-3<\/a><\/li>\n<\/ul>\n<p><strong>Lectures<\/strong><\/p>\n<ul>\n<li>April 2009: Stuckism Powerpoint and talk, Leeds Metropolitan University.<\/li>\n<li>September 2007: Stuckist presentation at Decasia Club, Strongrooms, London<\/li>\n<li>November 2004: Liverpool Biennal, Walker Gallery<\/li>\n<li>July 2003: Shrewsbury Arts Festival, with Richard Cork (The <em>Times) <\/em>\u00a0&amp;\u00a0 David Lee (the <em>Jackdaw)<\/em><\/li>\n<\/ul>\n<p><strong>Awards<\/strong><\/p>\n<ul>\n<li>2017: Judges choice, British Women Artists<\/li>\n<li>2015: Album cover of the Year for Urban Voodoo Machine &#8220;Love, Drink and Death&#8221;<\/li>\n<li>1999: Visual Arts Award, Ohio State University<\/li>\n<\/ul>\n<p><strong>Television<\/strong><\/p>\n<ul>\n<li>March 2018: Czech TV news: &#8220;Contemporary British Art&#8221;, \u010cern\u00e1 labu\u0165, Prague, Czech Republic<\/li>\n<li>October 2006: \u201cQuest for Art\u201d, CNN International<\/li>\n<li>2000: \u201cNewsnight\u201d, BBC 2<\/li>\n<li>See <a href=\"http:\/\/www.stuckism.com\/\">www.stuckism.com<\/a> for more<\/li>\n<\/ul>\n<p><strong>Collections<\/strong><\/p>\n<ul>\n<li>Ballhaus Berlin, Germany<\/li>\n<li>Orlicky Zybnek, Prague, Czech Republic<\/li>\n<li>The Von Stockhausen Family, Lewenhagen, Germany<\/li>\n<li>Chris Yates, Manchester, UK<\/li>\n<li>Sue Kreitzman, New York, USA<\/li>\n<li>Hamed Dehnavi, Tehran, Iran<\/li>\n<li>Jenny Valentish, Melbourne, Australia<\/li>\n<li>Karen von Clezie Bartlett, Portland, Oregon, USA<\/li>\n<\/ul>\n","protected":false},"excerpt":{"rendered":"<p>Ella Guru CV\u00a0 For teaching experience see also St Mungo&#8217;s Artist in Residence (link currently unavailable)\u00a0and the Drawing and Dancing Society. Exhibitions: solo September 2025: &#8216;Botticelli, the Stuckists and the Sea&#8217;, Maslow HC, Hastings UK April &#8211; June 2024: &#8216;Jack in the Green revisited&#8217;, SEED, Hastings UK April &#8211; June 2023: &#8216;Jack in the Green&#8217;, &hellip; <a href=\"https:\/\/ellaguruart.com\/?page_id=2\" class=\"more-link\">Continue reading <span class=\"screen-reader-text\">CV<\/span><\/a><\/p>\n","protected":false},"author":1,"featured_media":0,"parent":0,"menu_order":0,"comment_status":"closed","ping_status":"closed","template":"","meta":{"footnotes":""},"class_list":["post-2","page","type-page","status-publish","hentry"],"_links":{"self":[{"href":"https:\/\/ellaguruart.com\/index.php?rest_route=\/wp\/v2\/pages\/2"}],"collection":[{"href":"https:\/\/ellaguruart.com\/index.php?rest_route=\/wp\/v2\/pages"}],"about":[{"href":"https:\/\/ellaguruart.com\/index.php?rest_route=\/wp\/v2\/types\/page"}],"author":[{"embeddable":true,"href":"https:\/\/ellaguruart.com\/index.php?rest_route=\/wp\/v2\/users\/1"}],"replies":[{"embeddable":true,"href":"https:\/\/ellaguruart.com\/index.php?rest_route=%2Fwp%2Fv2%2Fcomments&post=2"}],"version-history":[{"count":51,"href":"https:\/\/ellaguruart.com\/index.php?rest_route=\/wp\/v2\/pages\/2\/revisions"}],"predecessor-version":[{"id":2116,"href":"https:\/\/ellaguruart.com\/index.php?rest_route=\/wp\/v2\/pages\/2\/revisions\/2116"}],"wp:attachment":[{"href":"https:\/\/ellaguruart.com\/index.php?rest_route=%2Fwp%2Fv2%2Fmedia&parent=2"}],"curies":[{"name":"wp","href":"https:\/\/api.w.org\/{rel}","templated":true}]}}